{"id":46,"date":"2017-04-03T14:35:11","date_gmt":"2017-04-03T12:35:11","guid":{"rendered":"http:\/\/trt27.com\/?page_id=46"},"modified":"2022-11-01T23:30:48","modified_gmt":"2022-11-01T22:30:48","slug":"partenaires","status":"publish","type":"page","link":"https:\/\/trt27.com\/index.php\/partenaires\/","title":{"rendered":"Partenaires"},"content":{"rendered":"\n<figure class=\"wp-block-image size-large\"><img data-attachment-id=\"493\" data-permalink=\"https:\/\/trt27.com\/jlmn\/\" data-orig-file=\"https:\/\/i0.wp.com\/trt27.com\/wp-content\/uploads\/2022\/11\/JLMN.jpg?fit=1664%2C1409&amp;ssl=1\" data-orig-size=\"1664,1409\" data-comments-opened=\"1\" data-image-meta=\"{&quot;aperture&quot;:&quot;0&quot;,&quot;credit&quot;:&quot;&quot;,&quot;camera&quot;:&quot;&quot;,&quot;caption&quot;:&quot;&quot;,&quot;created_timestamp&quot;:&quot;0&quot;,&quot;copyright&quot;:&quot;&quot;,&quot;focal_length&quot;:&quot;0&quot;,&quot;iso&quot;:&quot;0&quot;,&quot;shutter_speed&quot;:&quot;0&quot;,&quot;title&quot;:&quot;&quot;,&quot;orientation&quot;:&quot;1&quot;}\" data-image-title=\"JLMN\" data-image-description=\"\" data-image-caption=\"&lt;p&gt;Maintenance Industrielle et N\u00e9goce&lt;\/p&gt;\n\" data-medium-file=\"https:\/\/i0.wp.com\/trt27.com\/wp-content\/uploads\/2022\/11\/JLMN.jpg?fit=300%2C254&amp;ssl=1\" data-large-file=\"https:\/\/i0.wp.com\/trt27.com\/wp-content\/uploads\/2022\/11\/JLMN.jpg?fit=840%2C711&amp;ssl=1\" decoding=\"async\" loading=\"lazy\" width=\"840\" height=\"711\" src=\"https:\/\/i0.wp.com\/trt27.com\/wp-content\/uploads\/2022\/11\/JLMN.jpg?resize=840%2C711&#038;ssl=1\" alt=\"\" class=\"wp-image-493\" srcset=\"https:\/\/i0.wp.com\/trt27.com\/wp-content\/uploads\/2022\/11\/JLMN.jpg?resize=1024%2C867&amp;ssl=1 1024w, https:\/\/i0.wp.com\/trt27.com\/wp-content\/uploads\/2022\/11\/JLMN.jpg?resize=300%2C254&amp;ssl=1 300w, https:\/\/i0.wp.com\/trt27.com\/wp-content\/uploads\/2022\/11\/JLMN.jpg?resize=768%2C650&amp;ssl=1 768w, https:\/\/i0.wp.com\/trt27.com\/wp-content\/uploads\/2022\/11\/JLMN.jpg?resize=1536%2C1301&amp;ssl=1 1536w, https:\/\/i0.wp.com\/trt27.com\/wp-content\/uploads\/2022\/11\/JLMN.jpg?resize=1200%2C1016&amp;ssl=1 1200w, https:\/\/i0.wp.com\/trt27.com\/wp-content\/uploads\/2022\/11\/JLMN.jpg?w=1664&amp;ssl=1 1664w\" sizes=\"(max-width: 709px) 85vw, (max-width: 909px) 67vw, (max-width: 1362px) 62vw, 840px\" data-recalc-dims=\"1\" \/><figcaption>Maintenance Industrielle et N\u00e9goce<\/figcaption><\/figure>\n\n\n<ul>\n<li>Bazar 2 la b\u00e9cane Le Havre (76)<\/li>\n<\/ul>\n<p><a href=\"http:\/\/www.poledelamoto.fr\/\"><img data-attachment-id=\"24\" data-permalink=\"https:\/\/trt27.com\/index.php\/partenaires\/bdeb-drapeau\/\" data-orig-file=\"https:\/\/i0.wp.com\/trt27.com\/wp-content\/uploads\/2017\/04\/BDEB-drapeau.jpg?fit=276%2C179&amp;ssl=1\" data-orig-size=\"276,179\" data-comments-opened=\"1\" data-image-meta=\"{&quot;aperture&quot;:&quot;0&quot;,&quot;credit&quot;:&quot;&quot;,&quot;camera&quot;:&quot;&quot;,&quot;caption&quot;:&quot;&quot;,&quot;created_timestamp&quot;:&quot;0&quot;,&quot;copyright&quot;:&quot;&quot;,&quot;focal_length&quot;:&quot;0&quot;,&quot;iso&quot;:&quot;0&quot;,&quot;shutter_speed&quot;:&quot;0&quot;,&quot;title&quot;:&quot;&quot;,&quot;orientation&quot;:&quot;1&quot;}\" data-image-title=\"BDEB drapeau\" data-image-description=\"\" data-image-caption=\"\" data-medium-file=\"https:\/\/i0.wp.com\/trt27.com\/wp-content\/uploads\/2017\/04\/BDEB-drapeau.jpg?fit=276%2C179&amp;ssl=1\" data-large-file=\"https:\/\/i0.wp.com\/trt27.com\/wp-content\/uploads\/2017\/04\/BDEB-drapeau.jpg?fit=276%2C179&amp;ssl=1\" decoding=\"async\" loading=\"lazy\" class=\"alignnone size-full wp-image-24\" src=\"https:\/\/i0.wp.com\/trt27.com\/wp-content\/uploads\/2017\/04\/BDEB-drapeau.jpg?resize=276%2C179\" alt=\"\" width=\"276\" height=\"179\" data-recalc-dims=\"1\" \/><\/a><\/p>\n<ul>\n<li>Suzuki France<\/li>\n<\/ul>\n<p><a href=\"http:\/\/www.suzuki-moto.com\/\"><img data-attachment-id=\"32\" data-permalink=\"https:\/\/trt27.com\/index.php\/partenaires\/suzuki1\/\" data-orig-file=\"https:\/\/i0.wp.com\/trt27.com\/wp-content\/uploads\/2017\/04\/suzuki1.jpg?fit=1375%2C895&amp;ssl=1\" data-orig-size=\"1375,895\" data-comments-opened=\"1\" data-image-meta=\"{&quot;aperture&quot;:&quot;0&quot;,&quot;credit&quot;:&quot;&quot;,&quot;camera&quot;:&quot;&quot;,&quot;caption&quot;:&quot;&quot;,&quot;created_timestamp&quot;:&quot;0&quot;,&quot;copyright&quot;:&quot;&quot;,&quot;focal_length&quot;:&quot;0&quot;,&quot;iso&quot;:&quot;0&quot;,&quot;shutter_speed&quot;:&quot;0&quot;,&quot;title&quot;:&quot;&quot;,&quot;orientation&quot;:&quot;0&quot;}\" data-image-title=\"suzuki[1]\" data-image-description=\"\" data-image-caption=\"\" data-medium-file=\"https:\/\/i0.wp.com\/trt27.com\/wp-content\/uploads\/2017\/04\/suzuki1.jpg?fit=300%2C195&amp;ssl=1\" data-large-file=\"https:\/\/i0.wp.com\/trt27.com\/wp-content\/uploads\/2017\/04\/suzuki1.jpg?fit=840%2C547&amp;ssl=1\" decoding=\"async\" loading=\"lazy\" class=\"alignnone size-medium wp-image-32\" src=\"https:\/\/i0.wp.com\/trt27.com\/wp-content\/uploads\/2017\/04\/suzuki1-300x195.jpg?resize=300%2C195\" alt=\"\" width=\"300\" height=\"195\" srcset=\"https:\/\/i0.wp.com\/trt27.com\/wp-content\/uploads\/2017\/04\/suzuki1.jpg?resize=300%2C195&amp;ssl=1 300w, https:\/\/i0.wp.com\/trt27.com\/wp-content\/uploads\/2017\/04\/suzuki1.jpg?resize=768%2C500&amp;ssl=1 768w, https:\/\/i0.wp.com\/trt27.com\/wp-content\/uploads\/2017\/04\/suzuki1.jpg?resize=1024%2C667&amp;ssl=1 1024w, https:\/\/i0.wp.com\/trt27.com\/wp-content\/uploads\/2017\/04\/suzuki1.jpg?resize=1200%2C781&amp;ssl=1 1200w, https:\/\/i0.wp.com\/trt27.com\/wp-content\/uploads\/2017\/04\/suzuki1.jpg?w=1375&amp;ssl=1 1375w\" sizes=\"(max-width: 300px) 85vw, 300px\" data-recalc-dims=\"1\" \/><\/a><\/p>\n<ul>\n<li>ADENET sas Cl\u00e9on 76<\/li>\n<\/ul>\n<ul>\n<li>BCR \u00e0 Issoire<\/li>\n<\/ul>\n<p><img data-attachment-id=\"232\" data-permalink=\"https:\/\/trt27.com\/bcr-tr\/\" data-orig-file=\"https:\/\/i0.wp.com\/trt27.com\/wp-content\/uploads\/2019\/11\/BCR-tr.jpg?fit=1334%2C444&amp;ssl=1\" data-orig-size=\"1334,444\" data-comments-opened=\"1\" data-image-meta=\"{&quot;aperture&quot;:&quot;0&quot;,&quot;credit&quot;:&quot;&quot;,&quot;camera&quot;:&quot;&quot;,&quot;caption&quot;:&quot;&quot;,&quot;created_timestamp&quot;:&quot;0&quot;,&quot;copyright&quot;:&quot;&quot;,&quot;focal_length&quot;:&quot;0&quot;,&quot;iso&quot;:&quot;0&quot;,&quot;shutter_speed&quot;:&quot;0&quot;,&quot;title&quot;:&quot;&quot;,&quot;orientation&quot;:&quot;1&quot;}\" data-image-title=\"BCR tr\" data-image-description=\"\" data-image-caption=\"\" data-medium-file=\"https:\/\/i0.wp.com\/trt27.com\/wp-content\/uploads\/2019\/11\/BCR-tr.jpg?fit=300%2C100&amp;ssl=1\" data-large-file=\"https:\/\/i0.wp.com\/trt27.com\/wp-content\/uploads\/2019\/11\/BCR-tr.jpg?fit=840%2C280&amp;ssl=1\" decoding=\"async\" loading=\"lazy\" class=\"alignnone wp-image-232 size-medium\" src=\"https:\/\/i0.wp.com\/trt27.com\/wp-content\/uploads\/2019\/11\/BCR-tr.jpg?resize=300%2C100&#038;ssl=1\" alt=\"\" width=\"300\" height=\"100\" srcset=\"https:\/\/i0.wp.com\/trt27.com\/wp-content\/uploads\/2019\/11\/BCR-tr.jpg?resize=300%2C100&amp;ssl=1 300w, https:\/\/i0.wp.com\/trt27.com\/wp-content\/uploads\/2019\/11\/BCR-tr.jpg?resize=768%2C256&amp;ssl=1 768w, https:\/\/i0.wp.com\/trt27.com\/wp-content\/uploads\/2019\/11\/BCR-tr.jpg?resize=1024%2C341&amp;ssl=1 1024w, https:\/\/i0.wp.com\/trt27.com\/wp-content\/uploads\/2019\/11\/BCR-tr.jpg?resize=1200%2C399&amp;ssl=1 1200w, https:\/\/i0.wp.com\/trt27.com\/wp-content\/uploads\/2019\/11\/BCR-tr.jpg?w=1334&amp;ssl=1 1334w\" sizes=\"(max-width: 300px) 85vw, 300px\" data-recalc-dims=\"1\" \/><\/p>\n<ul>\n<li>France Equipement<\/li>\n<\/ul>\n<p><a href=\"http:\/\/www.franceequipement.com\/\"><img data-attachment-id=\"27\" data-permalink=\"https:\/\/trt27.com\/index.php\/partenaires\/france-equipement-logo\/\" data-orig-file=\"https:\/\/i0.wp.com\/trt27.com\/wp-content\/uploads\/2017\/04\/France-Equipement-logo.jpg?fit=1752%2C509&amp;ssl=1\" data-orig-size=\"1752,509\" data-comments-opened=\"1\" data-image-meta=\"{&quot;aperture&quot;:&quot;0&quot;,&quot;credit&quot;:&quot;&quot;,&quot;camera&quot;:&quot;&quot;,&quot;caption&quot;:&quot;&quot;,&quot;created_timestamp&quot;:&quot;0&quot;,&quot;copyright&quot;:&quot;&quot;,&quot;focal_length&quot;:&quot;0&quot;,&quot;iso&quot;:&quot;0&quot;,&quot;shutter_speed&quot;:&quot;0&quot;,&quot;title&quot;:&quot;&quot;,&quot;orientation&quot;:&quot;1&quot;}\" data-image-title=\"France-Equipement logo\" data-image-description=\"\" data-image-caption=\"\" data-medium-file=\"https:\/\/i0.wp.com\/trt27.com\/wp-content\/uploads\/2017\/04\/France-Equipement-logo.jpg?fit=300%2C87&amp;ssl=1\" data-large-file=\"https:\/\/i0.wp.com\/trt27.com\/wp-content\/uploads\/2017\/04\/France-Equipement-logo.jpg?fit=840%2C244&amp;ssl=1\" decoding=\"async\" loading=\"lazy\" class=\"alignnone size-medium wp-image-27\" src=\"https:\/\/i0.wp.com\/trt27.com\/wp-content\/uploads\/2017\/04\/France-Equipement-logo-300x87.jpg?resize=300%2C87\" alt=\"\" width=\"300\" height=\"87\" srcset=\"https:\/\/i0.wp.com\/trt27.com\/wp-content\/uploads\/2017\/04\/France-Equipement-logo.jpg?resize=300%2C87&amp;ssl=1 300w, https:\/\/i0.wp.com\/trt27.com\/wp-content\/uploads\/2017\/04\/France-Equipement-logo.jpg?resize=768%2C223&amp;ssl=1 768w, https:\/\/i0.wp.com\/trt27.com\/wp-content\/uploads\/2017\/04\/France-Equipement-logo.jpg?resize=1024%2C297&amp;ssl=1 1024w, https:\/\/i0.wp.com\/trt27.com\/wp-content\/uploads\/2017\/04\/France-Equipement-logo.jpg?resize=1200%2C349&amp;ssl=1 1200w, https:\/\/i0.wp.com\/trt27.com\/wp-content\/uploads\/2017\/04\/France-Equipement-logo.jpg?w=1752&amp;ssl=1 1752w, https:\/\/i0.wp.com\/trt27.com\/wp-content\/uploads\/2017\/04\/France-Equipement-logo.jpg?w=1680&amp;ssl=1 1680w\" sizes=\"(max-width: 300px) 85vw, 300px\" data-recalc-dims=\"1\" \/><\/a><\/p>\n<ul>\n<li>AP racing<\/li>\n<\/ul>\n<p><a href=\"https:\/\/www.apracing.com\/\"><img data-attachment-id=\"63\" data-permalink=\"https:\/\/trt27.com\/index.php\/partenaires\/ap-racing\/\" data-orig-file=\"https:\/\/i0.wp.com\/trt27.com\/wp-content\/uploads\/2017\/04\/AP-Racing.jpg?fit=322%2C294&amp;ssl=1\" data-orig-size=\"322,294\" data-comments-opened=\"1\" data-image-meta=\"{&quot;aperture&quot;:&quot;0&quot;,&quot;credit&quot;:&quot;&quot;,&quot;camera&quot;:&quot;&quot;,&quot;caption&quot;:&quot;&quot;,&quot;created_timestamp&quot;:&quot;0&quot;,&quot;copyright&quot;:&quot;&quot;,&quot;focal_length&quot;:&quot;0&quot;,&quot;iso&quot;:&quot;0&quot;,&quot;shutter_speed&quot;:&quot;0&quot;,&quot;title&quot;:&quot;&quot;,&quot;orientation&quot;:&quot;0&quot;}\" data-image-title=\"AP Racing\" data-image-description=\"\" data-image-caption=\"\" data-medium-file=\"https:\/\/i0.wp.com\/trt27.com\/wp-content\/uploads\/2017\/04\/AP-Racing.jpg?fit=300%2C274&amp;ssl=1\" data-large-file=\"https:\/\/i0.wp.com\/trt27.com\/wp-content\/uploads\/2017\/04\/AP-Racing.jpg?fit=322%2C294&amp;ssl=1\" decoding=\"async\" loading=\"lazy\" class=\"alignnone wp-image-63\" src=\"https:\/\/i0.wp.com\/trt27.com\/wp-content\/uploads\/2017\/04\/AP-Racing-300x274.jpg?resize=250%2C228\" alt=\"\" width=\"250\" height=\"228\" srcset=\"https:\/\/i0.wp.com\/trt27.com\/wp-content\/uploads\/2017\/04\/AP-Racing.jpg?resize=300%2C274&amp;ssl=1 300w, https:\/\/i0.wp.com\/trt27.com\/wp-content\/uploads\/2017\/04\/AP-Racing.jpg?w=322&amp;ssl=1 322w\" sizes=\"(max-width: 250px) 85vw, 250px\" data-recalc-dims=\"1\" \/><\/a><\/p>\n<ul>\n<li>Motul<\/li>\n<\/ul>\n<p><a href=\"https:\/\/www.motul.com\/fr\/fr\"><img data-attachment-id=\"29\" data-permalink=\"https:\/\/trt27.com\/index.php\/partenaires\/motul\/\" data-orig-file=\"https:\/\/i0.wp.com\/trt27.com\/wp-content\/uploads\/2017\/04\/Motul.jpg?fit=1024%2C280&amp;ssl=1\" data-orig-size=\"1024,280\" data-comments-opened=\"1\" data-image-meta=\"{&quot;aperture&quot;:&quot;0&quot;,&quot;credit&quot;:&quot;Picasa&quot;,&quot;camera&quot;:&quot;&quot;,&quot;caption&quot;:&quot;&quot;,&quot;created_timestamp&quot;:&quot;1343192188&quot;,&quot;copyright&quot;:&quot;&quot;,&quot;focal_length&quot;:&quot;0&quot;,&quot;iso&quot;:&quot;0&quot;,&quot;shutter_speed&quot;:&quot;0&quot;,&quot;title&quot;:&quot;&quot;,&quot;orientation&quot;:&quot;0&quot;}\" data-image-title=\"Motul\" data-image-description=\"\" data-image-caption=\"\" data-medium-file=\"https:\/\/i0.wp.com\/trt27.com\/wp-content\/uploads\/2017\/04\/Motul.jpg?fit=300%2C82&amp;ssl=1\" data-large-file=\"https:\/\/i0.wp.com\/trt27.com\/wp-content\/uploads\/2017\/04\/Motul.jpg?fit=840%2C230&amp;ssl=1\" decoding=\"async\" loading=\"lazy\" class=\"alignnone size-medium wp-image-29\" src=\"https:\/\/i0.wp.com\/trt27.com\/wp-content\/uploads\/2017\/04\/Motul-300x82.jpg?resize=300%2C82\" alt=\"\" width=\"300\" height=\"82\" srcset=\"https:\/\/i0.wp.com\/trt27.com\/wp-content\/uploads\/2017\/04\/Motul.jpg?resize=300%2C82&amp;ssl=1 300w, https:\/\/i0.wp.com\/trt27.com\/wp-content\/uploads\/2017\/04\/Motul.jpg?resize=768%2C210&amp;ssl=1 768w, https:\/\/i0.wp.com\/trt27.com\/wp-content\/uploads\/2017\/04\/Motul.jpg?w=1024&amp;ssl=1 1024w\" sizes=\"(max-width: 300px) 85vw, 300px\" data-recalc-dims=\"1\" \/><\/a><\/p>\n<ul>\n<li>RK<\/li>\n<\/ul>\n<p><a href=\"http:\/\/global.rk-japan.co.jp\/\"><img data-attachment-id=\"30\" data-permalink=\"https:\/\/trt27.com\/index.php\/partenaires\/rk-logo\/\" data-orig-file=\"https:\/\/i0.wp.com\/trt27.com\/wp-content\/uploads\/2017\/04\/RK-logo.jpg?fit=1000%2C563&amp;ssl=1\" data-orig-size=\"1000,563\" data-comments-opened=\"1\" data-image-meta=\"{&quot;aperture&quot;:&quot;0&quot;,&quot;credit&quot;:&quot;&quot;,&quot;camera&quot;:&quot;&quot;,&quot;caption&quot;:&quot;&quot;,&quot;created_timestamp&quot;:&quot;0&quot;,&quot;copyright&quot;:&quot;&quot;,&quot;focal_length&quot;:&quot;0&quot;,&quot;iso&quot;:&quot;0&quot;,&quot;shutter_speed&quot;:&quot;0&quot;,&quot;title&quot;:&quot;&quot;,&quot;orientation&quot;:&quot;0&quot;}\" data-image-title=\"RK-logo\" data-image-description=\"\" data-image-caption=\"\" data-medium-file=\"https:\/\/i0.wp.com\/trt27.com\/wp-content\/uploads\/2017\/04\/RK-logo.jpg?fit=300%2C169&amp;ssl=1\" data-large-file=\"https:\/\/i0.wp.com\/trt27.com\/wp-content\/uploads\/2017\/04\/RK-logo.jpg?fit=840%2C473&amp;ssl=1\" decoding=\"async\" loading=\"lazy\" class=\"alignnone size-medium wp-image-30\" src=\"https:\/\/i0.wp.com\/trt27.com\/wp-content\/uploads\/2017\/04\/RK-logo-300x169.jpg?resize=300%2C169\" alt=\"\" width=\"300\" height=\"169\" srcset=\"https:\/\/i0.wp.com\/trt27.com\/wp-content\/uploads\/2017\/04\/RK-logo.jpg?resize=300%2C169&amp;ssl=1 300w, https:\/\/i0.wp.com\/trt27.com\/wp-content\/uploads\/2017\/04\/RK-logo.jpg?resize=768%2C432&amp;ssl=1 768w, https:\/\/i0.wp.com\/trt27.com\/wp-content\/uploads\/2017\/04\/RK-logo.jpg?w=1000&amp;ssl=1 1000w\" sizes=\"(max-width: 300px) 85vw, 300px\" data-recalc-dims=\"1\" \/><\/a><\/p>\n<ul>\n<li>BIHR<img data-attachment-id=\"25\" data-permalink=\"https:\/\/trt27.com\/bihr-logo\/\" data-orig-file=\"https:\/\/i0.wp.com\/trt27.com\/wp-content\/uploads\/2017\/04\/Bihr-logo.jpg?fit=200%2C120&amp;ssl=1\" data-orig-size=\"200,120\" data-comments-opened=\"1\" data-image-meta=\"{&quot;aperture&quot;:&quot;0&quot;,&quot;credit&quot;:&quot;&quot;,&quot;camera&quot;:&quot;&quot;,&quot;caption&quot;:&quot;&quot;,&quot;created_timestamp&quot;:&quot;0&quot;,&quot;copyright&quot;:&quot;&quot;,&quot;focal_length&quot;:&quot;0&quot;,&quot;iso&quot;:&quot;0&quot;,&quot;shutter_speed&quot;:&quot;0&quot;,&quot;title&quot;:&quot;&quot;,&quot;orientation&quot;:&quot;1&quot;}\" data-image-title=\"Bihr logo\" data-image-description=\"\" data-image-caption=\"\" data-medium-file=\"https:\/\/i0.wp.com\/trt27.com\/wp-content\/uploads\/2017\/04\/Bihr-logo.jpg?fit=200%2C120&amp;ssl=1\" data-large-file=\"https:\/\/i0.wp.com\/trt27.com\/wp-content\/uploads\/2017\/04\/Bihr-logo.jpg?fit=200%2C120&amp;ssl=1\" decoding=\"async\" loading=\"lazy\" class=\"alignnone wp-image-25 size-full\" src=\"https:\/\/i0.wp.com\/trt27.com\/wp-content\/uploads\/2017\/04\/Bihr-logo.jpg?resize=200%2C120&#038;ssl=1\" alt=\"\" width=\"200\" height=\"120\" data-recalc-dims=\"1\" \/><\/li>\n<\/ul>\n<ul>\n<li>Lesueur m\u00e9tallerie (Louviers)<\/li>\n<\/ul>\n<ul>\n<li>ATA Logistique<\/li>\n<\/ul>\n<ul>\n<li>Ponthou PL<\/li>\n<\/ul>\n<ul>\n<li>Boulangerie Patisserie Les p\u2019tites douceurs (Bernay)<\/li>\n<\/ul>\n<ul>\n<li>Imprimerie IRS<\/li>\n<\/ul>\n<ul>\n<li>Bersoult<\/li>\n<\/ul>\n<ul>\n<li>Les Ambulances vall\u00e9e de Brionne 27<\/li>\n<\/ul>\n<ul>\n<li>Dunlop<\/li>\n<\/ul>\n<p><a href=\"https:\/\/www.dunlop.eu\/fr_fr\/motorcycle.html\"><img data-attachment-id=\"78\" data-permalink=\"https:\/\/trt27.com\/index.php\/partenaires\/dunlop\/\" data-orig-file=\"https:\/\/i0.wp.com\/trt27.com\/wp-content\/uploads\/2017\/04\/Dunlop.png?fit=1280%2C730&amp;ssl=1\" data-orig-size=\"1280,730\" data-comments-opened=\"1\" data-image-meta=\"{&quot;aperture&quot;:&quot;0&quot;,&quot;credit&quot;:&quot;&quot;,&quot;camera&quot;:&quot;&quot;,&quot;caption&quot;:&quot;&quot;,&quot;created_timestamp&quot;:&quot;0&quot;,&quot;copyright&quot;:&quot;&quot;,&quot;focal_length&quot;:&quot;0&quot;,&quot;iso&quot;:&quot;0&quot;,&quot;shutter_speed&quot;:&quot;0&quot;,&quot;title&quot;:&quot;&quot;,&quot;orientation&quot;:&quot;0&quot;}\" data-image-title=\"Dunlop\" data-image-description=\"\" data-image-caption=\"\" data-medium-file=\"https:\/\/i0.wp.com\/trt27.com\/wp-content\/uploads\/2017\/04\/Dunlop.png?fit=300%2C171&amp;ssl=1\" data-large-file=\"https:\/\/i0.wp.com\/trt27.com\/wp-content\/uploads\/2017\/04\/Dunlop.png?fit=840%2C479&amp;ssl=1\" decoding=\"async\" loading=\"lazy\" class=\"alignnone size-medium wp-image-78\" src=\"https:\/\/i0.wp.com\/trt27.com\/wp-content\/uploads\/2017\/04\/Dunlop-300x171.png?resize=300%2C171\" alt=\"\" width=\"300\" height=\"171\" srcset=\"https:\/\/i0.wp.com\/trt27.com\/wp-content\/uploads\/2017\/04\/Dunlop.png?resize=300%2C171&amp;ssl=1 300w, https:\/\/i0.wp.com\/trt27.com\/wp-content\/uploads\/2017\/04\/Dunlop.png?resize=768%2C438&amp;ssl=1 768w, https:\/\/i0.wp.com\/trt27.com\/wp-content\/uploads\/2017\/04\/Dunlop.png?resize=1024%2C584&amp;ssl=1 1024w, https:\/\/i0.wp.com\/trt27.com\/wp-content\/uploads\/2017\/04\/Dunlop.png?resize=1200%2C684&amp;ssl=1 1200w, https:\/\/i0.wp.com\/trt27.com\/wp-content\/uploads\/2017\/04\/Dunlop.png?w=1280&amp;ssl=1 1280w\" sizes=\"(max-width: 300px) 85vw, 300px\" data-recalc-dims=\"1\" \/><\/a><\/p>\n<ul>\n<li>Carrosserie Classic R\u00e9tro Sport<\/li>\n<\/ul>\n<ul>\n<li>DLDP (Dressing Placards)\u00a0<\/li>\n<\/ul>\n<ul>\n<li>Micro tracteur Cerneau<\/li>\n<\/ul>\n<p><a href=\"http:\/\/green-work.fr\/\"><img data-attachment-id=\"18\" data-permalink=\"https:\/\/trt27.com\/index.php\/partenaires\/logo-cerneau-v\/\" data-orig-file=\"https:\/\/i0.wp.com\/trt27.com\/wp-content\/uploads\/2017\/04\/Logo-Cerneau-v.jpg?fit=591%2C354&amp;ssl=1\" data-orig-size=\"591,354\" data-comments-opened=\"1\" data-image-meta=\"{&quot;aperture&quot;:&quot;0&quot;,&quot;credit&quot;:&quot;&quot;,&quot;camera&quot;:&quot;&quot;,&quot;caption&quot;:&quot;&quot;,&quot;created_timestamp&quot;:&quot;0&quot;,&quot;copyright&quot;:&quot;&quot;,&quot;focal_length&quot;:&quot;0&quot;,&quot;iso&quot;:&quot;0&quot;,&quot;shutter_speed&quot;:&quot;0&quot;,&quot;title&quot;:&quot;&quot;,&quot;orientation&quot;:&quot;0&quot;}\" data-image-title=\"Logo-Cerneau v\" data-image-description=\"\" data-image-caption=\"\" data-medium-file=\"https:\/\/i0.wp.com\/trt27.com\/wp-content\/uploads\/2017\/04\/Logo-Cerneau-v.jpg?fit=300%2C180&amp;ssl=1\" data-large-file=\"https:\/\/i0.wp.com\/trt27.com\/wp-content\/uploads\/2017\/04\/Logo-Cerneau-v.jpg?fit=591%2C354&amp;ssl=1\" decoding=\"async\" loading=\"lazy\" class=\"alignnone size-medium wp-image-18\" src=\"https:\/\/i0.wp.com\/trt27.com\/wp-content\/uploads\/2017\/04\/Logo-Cerneau-v-300x180.jpg?resize=300%2C180\" alt=\"\" width=\"300\" height=\"180\" srcset=\"https:\/\/i0.wp.com\/trt27.com\/wp-content\/uploads\/2017\/04\/Logo-Cerneau-v.jpg?resize=300%2C180&amp;ssl=1 300w, https:\/\/i0.wp.com\/trt27.com\/wp-content\/uploads\/2017\/04\/Logo-Cerneau-v.jpg?w=591&amp;ssl=1 591w\" sizes=\"(max-width: 300px) 85vw, 300px\" data-recalc-dims=\"1\" \/><\/a><\/p>\n<p>\u00a0<\/p>","protected":false},"excerpt":{"rendered":"<p>Bazar 2 la b\u00e9cane Le Havre (76) Suzuki France ADENET sas Cl\u00e9on 76 BCR \u00e0 Issoire France Equipement AP racing Motul RK BIHR Lesueur m\u00e9tallerie (Louviers) ATA Logistique Ponthou PL Boulangerie Patisserie Les p\u2019tites douceurs (Bernay) Imprimerie IRS Bersoult Les Ambulances vall\u00e9e de Brionne 27 Dunlop Carrosserie Classic R\u00e9tro Sport DLDP (Dressing Placards)\u00a0 Micro tracteur &hellip; <a href=\"https:\/\/trt27.com\/index.php\/partenaires\/\" class=\"more-link\">Continuer la lecture<span class=\"screen-reader-text\"> de &laquo;&nbsp;Partenaires&nbsp;&raquo;<\/span><\/a><\/p>\n","protected":false},"author":2,"featured_media":0,"parent":0,"menu_order":0,"comment_status":"closed","ping_status":"closed","template":"","meta":{"jetpack_post_was_ever_published":false},"jetpack_sharing_enabled":true,"jetpack_shortlink":"https:\/\/wp.me\/P8fPLR-K","jetpack-related-posts":[{"id":272,"url":"https:\/\/trt27.com\/index.php\/compte-rendu\/","url_meta":{"origin":46,"position":0},"title":"Compte rendu","author":"Eric Tan\u00e9sie","date":"25 novembre 2019","format":false,"excerpt":"Equipe Bol d'Or 2019 Retour sur cette semaine sur le circuit du Castellet. Content de retrouver nos pilotes Thibaud, Julien, Philippe et K\u00e9vin. Nous profiterons des essais pour am\u00e9liorer le ch\u00e2ssis avec l\u2019aide de FP engineering ainsi que l\u2019\u00e9lectronique avec Manu d\u2019Univers racing et Phil de BCR. Pour les qualifications\u2026","rel":"","context":"Article similaire","block_context":{"text":"Article similaire","link":""},"img":{"alt_text":"","src":"https:\/\/i0.wp.com\/trt27.com\/wp-content\/uploads\/2019\/11\/Team-bol.jpg?resize=350%2C200&ssl=1","width":350,"height":200,"srcset":"https:\/\/i0.wp.com\/trt27.com\/wp-content\/uploads\/2019\/11\/Team-bol.jpg?resize=350%2C200&ssl=1 1x, https:\/\/i0.wp.com\/trt27.com\/wp-content\/uploads\/2019\/11\/Team-bol.jpg?resize=525%2C300&ssl=1 1.5x, https:\/\/i0.wp.com\/trt27.com\/wp-content\/uploads\/2019\/11\/Team-bol.jpg?resize=700%2C400&ssl=1 2x, https:\/\/i0.wp.com\/trt27.com\/wp-content\/uploads\/2019\/11\/Team-bol.jpg?resize=1050%2C600&ssl=1 3x, https:\/\/i0.wp.com\/trt27.com\/wp-content\/uploads\/2019\/11\/Team-bol.jpg?resize=1400%2C800&ssl=1 4x"},"classes":[]},{"id":65,"url":"https:\/\/trt27.com\/index.php\/nouvelle-1000-gsxr-origine\/","url_meta":{"origin":46,"position":1},"title":"Moto","author":"Eric Tan\u00e9sie","date":"3 avril 2017","format":false,"excerpt":"Suzuki GSX-R 1000 Moteur Type\u00a0: 4 cylindres en ligne, 4 temps \u00e0 refroidissement liquide Distribution\u00a0: arbre \u00e0 came en t\u00eate, 4 soupapes par cylindre Cylindr\u00e9\u00a0: 999,8 cm3 Al\u00e9sage x Course\u00a0: 76 mm x 55,1 mm Puissance\u00a0: 202 ch \u00e0 13 200 tr\/min Couple\u00a0: 11,9 mkg 10 500 tr\/min R\u00e9gime maxi\u00a0:\u2026","rel":"","context":"Article similaire","block_context":{"text":"Article similaire","link":""},"img":{"alt_text":"","src":"https:\/\/i0.wp.com\/trt27.com\/wp-content\/uploads\/2019\/11\/moto-24H19-100-1024x506.jpg?resize=350%2C200&ssl=1","width":350,"height":200,"srcset":"https:\/\/i0.wp.com\/trt27.com\/wp-content\/uploads\/2019\/11\/moto-24H19-100-1024x506.jpg?resize=350%2C200&ssl=1 1x, https:\/\/i0.wp.com\/trt27.com\/wp-content\/uploads\/2019\/11\/moto-24H19-100-1024x506.jpg?resize=525%2C300&ssl=1 1.5x, https:\/\/i0.wp.com\/trt27.com\/wp-content\/uploads\/2019\/11\/moto-24H19-100-1024x506.jpg?resize=700%2C400&ssl=1 2x"},"classes":[]},{"id":365,"url":"https:\/\/trt27.com\/index.php\/news-2\/","url_meta":{"origin":46,"position":2},"title":"News","author":"Eric Tan\u00e9sie","date":"5 f\u00e9vrier 2021","format":false,"excerpt":"Bonjour, voici le programme 2021, du TRT27 Bazar 2 la b\u00e9cane : participation \u00e0 la Coupe du Monde FIM d'Endurance en totalit\u00e9. Avec des roulages au mois de mars et les Essais pr\u00e9-Mans les 30\/31 mars, les 24 Heures du Mans les 17\/18 avril 2021; les 8 Heures Oschersleben (Allemagne)\u2026","rel":"","context":"Article similaire","block_context":{"text":"Article similaire","link":""},"img":{"alt_text":"","src":"https:\/\/i0.wp.com\/trt27.com\/wp-content\/uploads\/2021\/02\/2021-Calend-TRT27-scaled.jpg?resize=350%2C200&ssl=1","width":350,"height":200,"srcset":"https:\/\/i0.wp.com\/trt27.com\/wp-content\/uploads\/2021\/02\/2021-Calend-TRT27-scaled.jpg?resize=350%2C200&ssl=1 1x, https:\/\/i0.wp.com\/trt27.com\/wp-content\/uploads\/2021\/02\/2021-Calend-TRT27-scaled.jpg?resize=525%2C300&ssl=1 1.5x, https:\/\/i0.wp.com\/trt27.com\/wp-content\/uploads\/2021\/02\/2021-Calend-TRT27-scaled.jpg?resize=700%2C400&ssl=1 2x, https:\/\/i0.wp.com\/trt27.com\/wp-content\/uploads\/2021\/02\/2021-Calend-TRT27-scaled.jpg?resize=1050%2C600&ssl=1 3x, https:\/\/i0.wp.com\/trt27.com\/wp-content\/uploads\/2021\/02\/2021-Calend-TRT27-scaled.jpg?resize=1400%2C800&ssl=1 4x"},"classes":[]},{"id":356,"url":"https:\/\/trt27.com\/index.php\/news\/","url_meta":{"origin":46,"position":3},"title":"News","author":"Eric Tan\u00e9sie","date":"5 f\u00e9vrier 2021","format":false,"excerpt":"News Saison 2021 Bonjour, voici le programme 2021, du TRT27 Bazar 2 la b\u00e9cane : participation \u00e0 la Coupe du Monde FIM d'Endurance en totalit\u00e9. Avec des roulages au mois de mars et les Essais pr\u00e9-Mans les 30\/31 mars, les 24 Heures du Mans les 17\/18 avril 2021; les 8\u2026","rel":"","context":"Article similaire","block_context":{"text":"Article similaire","link":""},"img":{"alt_text":"","src":"https:\/\/i0.wp.com\/trt27.com\/wp-content\/uploads\/2021\/02\/2021-Calend-TRT27-scaled.jpg?resize=350%2C200&ssl=1","width":350,"height":200,"srcset":"https:\/\/i0.wp.com\/trt27.com\/wp-content\/uploads\/2021\/02\/2021-Calend-TRT27-scaled.jpg?resize=350%2C200&ssl=1 1x, https:\/\/i0.wp.com\/trt27.com\/wp-content\/uploads\/2021\/02\/2021-Calend-TRT27-scaled.jpg?resize=525%2C300&ssl=1 1.5x, https:\/\/i0.wp.com\/trt27.com\/wp-content\/uploads\/2021\/02\/2021-Calend-TRT27-scaled.jpg?resize=700%2C400&ssl=1 2x, https:\/\/i0.wp.com\/trt27.com\/wp-content\/uploads\/2021\/02\/2021-Calend-TRT27-scaled.jpg?resize=1050%2C600&ssl=1 3x, https:\/\/i0.wp.com\/trt27.com\/wp-content\/uploads\/2021\/02\/2021-Calend-TRT27-scaled.jpg?resize=1400%2C800&ssl=1 4x"},"classes":[]}],"_links":{"self":[{"href":"https:\/\/trt27.com\/index.php\/wp-json\/wp\/v2\/pages\/46"}],"collection":[{"href":"https:\/\/trt27.com\/index.php\/wp-json\/wp\/v2\/pages"}],"about":[{"href":"https:\/\/trt27.com\/index.php\/wp-json\/wp\/v2\/types\/page"}],"author":[{"embeddable":true,"href":"https:\/\/trt27.com\/index.php\/wp-json\/wp\/v2\/users\/2"}],"replies":[{"embeddable":true,"href":"https:\/\/trt27.com\/index.php\/wp-json\/wp\/v2\/comments?post=46"}],"version-history":[{"count":8,"href":"https:\/\/trt27.com\/index.php\/wp-json\/wp\/v2\/pages\/46\/revisions"}],"predecessor-version":[{"id":503,"href":"https:\/\/trt27.com\/index.php\/wp-json\/wp\/v2\/pages\/46\/revisions\/503"}],"wp:attachment":[{"href":"https:\/\/trt27.com\/index.php\/wp-json\/wp\/v2\/media?parent=46"}],"curies":[{"name":"wp","href":"https:\/\/api.w.org\/{rel}","templated":true}]}}