{"id":65,"date":"2017-04-03T15:09:28","date_gmt":"2017-04-03T13:09:28","guid":{"rendered":"http:\/\/trt27.com\/?page_id=65"},"modified":"2022-11-01T23:09:14","modified_gmt":"2022-11-01T22:09:14","slug":"nouvelle-1000-gsxr-origine","status":"publish","type":"page","link":"https:\/\/trt27.com\/index.php\/nouvelle-1000-gsxr-origine\/","title":{"rendered":"Moto"},"content":{"rendered":"<p><img data-attachment-id=\"252\" data-permalink=\"https:\/\/trt27.com\/moto-24h19-100\/\" data-orig-file=\"https:\/\/i0.wp.com\/trt27.com\/wp-content\/uploads\/2019\/11\/moto-24H19-100.jpg?fit=3825%2C1889&amp;ssl=1\" data-orig-size=\"3825,1889\" data-comments-opened=\"1\" data-image-meta=\"{&quot;aperture&quot;:&quot;0&quot;,&quot;credit&quot;:&quot;&quot;,&quot;camera&quot;:&quot;&quot;,&quot;caption&quot;:&quot;&quot;,&quot;created_timestamp&quot;:&quot;0&quot;,&quot;copyright&quot;:&quot;Nicolas_EVRARD\\rS&#039;PRIT PHOTO&quot;,&quot;focal_length&quot;:&quot;0&quot;,&quot;iso&quot;:&quot;0&quot;,&quot;shutter_speed&quot;:&quot;0&quot;,&quot;title&quot;:&quot;&quot;,&quot;orientation&quot;:&quot;1&quot;}\" data-image-title=\"moto 24H19 100%\" data-image-description=\"\" data-image-caption=\"\" data-medium-file=\"https:\/\/i0.wp.com\/trt27.com\/wp-content\/uploads\/2019\/11\/moto-24H19-100.jpg?fit=300%2C148&amp;ssl=1\" data-large-file=\"https:\/\/i0.wp.com\/trt27.com\/wp-content\/uploads\/2019\/11\/moto-24H19-100.jpg?fit=840%2C415&amp;ssl=1\" decoding=\"async\" loading=\"lazy\" class=\"alignnone wp-image-252 size-large\" src=\"https:\/\/i0.wp.com\/trt27.com\/wp-content\/uploads\/2019\/11\/moto-24H19-100.jpg?resize=840%2C415&#038;ssl=1\" alt=\"\" width=\"840\" height=\"415\" srcset=\"https:\/\/i0.wp.com\/trt27.com\/wp-content\/uploads\/2019\/11\/moto-24H19-100.jpg?resize=1024%2C506&amp;ssl=1 1024w, https:\/\/i0.wp.com\/trt27.com\/wp-content\/uploads\/2019\/11\/moto-24H19-100.jpg?resize=300%2C148&amp;ssl=1 300w, https:\/\/i0.wp.com\/trt27.com\/wp-content\/uploads\/2019\/11\/moto-24H19-100.jpg?resize=768%2C379&amp;ssl=1 768w, https:\/\/i0.wp.com\/trt27.com\/wp-content\/uploads\/2019\/11\/moto-24H19-100.jpg?resize=1200%2C593&amp;ssl=1 1200w, https:\/\/i0.wp.com\/trt27.com\/wp-content\/uploads\/2019\/11\/moto-24H19-100.jpg?w=1680&amp;ssl=1 1680w, https:\/\/i0.wp.com\/trt27.com\/wp-content\/uploads\/2019\/11\/moto-24H19-100.jpg?w=2520&amp;ssl=1 2520w\" sizes=\"(max-width: 709px) 85vw, (max-width: 909px) 67vw, (max-width: 1362px) 62vw, 840px\" data-recalc-dims=\"1\" \/><\/p>\n<p>Suzuki GSX-R 1000<\/p>\n<p>Moteur<\/p>\n<p>Type&nbsp;: 4 cylindres en ligne, 4 temps \u00e0 refroidissement liquide<br \/>\nDistribution&nbsp;: arbre \u00e0 came en t\u00eate, 4 soupapes par cylindre<br \/>\nCylindr\u00e9&nbsp;: 999,8 cm3<br \/>\nAl\u00e9sage x Course&nbsp;: 76 mm x 55,1 mm<br \/>\nPuissance&nbsp;: 202 ch \u00e0 13 200 tr\/min<br \/>\nCouple&nbsp;: 11,9 mkg 10 500 tr\/min<br \/>\nR\u00e9gime maxi&nbsp;: 14 500 tr\/min<br \/>\nAlimentation&nbsp;: 2 injecteurs par cylindre<br \/>\nBo\u00eete de vitesse&nbsp;: 6 rapports avec shifter<\/p>\n<p>Performance de 280 \u00e0 330 km\/h selon les circuits.<\/p>\n<p>Partie-Cycle<\/p>\n<p>Cadre : p\u00e9rim\u00e9trique en aluminium<br \/>\nSuspension avant : fourche invers\u00e9e (120 mm d\u00e9battement)<br \/>\nSuspension arri\u00e8re : mono-amortisseur (120 mm d\u00e9battement)<br \/>\nFrein avant : 2 disques 320 mm, \u00e9triers radiaux 4 pistons<br \/>\nFrein arri\u00e8re : 1 disque 220 mm, \u00e9trier 1 piston<br \/>\nPneus : Dunlop 120\/70\/17 Av et 200\/55\/17<br \/>\nR\u00e9servoir : 24 litres<br \/>\nPoids avec les pleins : 202 kg<\/p>\n<figure id=\"attachment_88\" aria-describedby=\"caption-attachment-88\" style=\"width: 840px\" class=\"wp-caption alignnone\"><img data-attachment-id=\"88\" data-permalink=\"https:\/\/trt27.com\/index.php\/nouvelle-1000-gsxr-origine\/suzuki-gsxr-2017-origine\/\" data-orig-file=\"https:\/\/i0.wp.com\/trt27.com\/wp-content\/uploads\/2017\/04\/suzuki-gsxr-2017-origine.jpg?fit=1500%2C859&amp;ssl=1\" data-orig-size=\"1500,859\" data-comments-opened=\"1\" data-image-meta=\"{&quot;aperture&quot;:&quot;19&quot;,&quot;credit&quot;:&quot;&quot;,&quot;camera&quot;:&quot;NIKON D3X&quot;,&quot;caption&quot;:&quot;&quot;,&quot;created_timestamp&quot;:&quot;1443870541&quot;,&quot;copyright&quot;:&quot;&quot;,&quot;focal_length&quot;:&quot;105&quot;,&quot;iso&quot;:&quot;100&quot;,&quot;shutter_speed&quot;:&quot;0.00555555&quot;,&quot;title&quot;:&quot;&quot;,&quot;orientation&quot;:&quot;1&quot;}\" data-image-title=\"suzuki gsxr 2017 origine\" data-image-description=\"\" data-image-caption=\"&lt;p&gt;Suzuki GSX-R 2017 Origine&lt;\/p&gt;\n\" data-medium-file=\"https:\/\/i0.wp.com\/trt27.com\/wp-content\/uploads\/2017\/04\/suzuki-gsxr-2017-origine.jpg?fit=300%2C172&amp;ssl=1\" data-large-file=\"https:\/\/i0.wp.com\/trt27.com\/wp-content\/uploads\/2017\/04\/suzuki-gsxr-2017-origine.jpg?fit=840%2C481&amp;ssl=1\" decoding=\"async\" loading=\"lazy\" class=\"size-large wp-image-88\" src=\"https:\/\/i0.wp.com\/trt27.com\/wp-content\/uploads\/2017\/04\/suzuki-gsxr-2017-origine-1024x586.jpg?resize=840%2C481\" alt=\"\" width=\"840\" height=\"481\" srcset=\"https:\/\/i0.wp.com\/trt27.com\/wp-content\/uploads\/2017\/04\/suzuki-gsxr-2017-origine.jpg?resize=1024%2C586&amp;ssl=1 1024w, https:\/\/i0.wp.com\/trt27.com\/wp-content\/uploads\/2017\/04\/suzuki-gsxr-2017-origine.jpg?resize=300%2C172&amp;ssl=1 300w, https:\/\/i0.wp.com\/trt27.com\/wp-content\/uploads\/2017\/04\/suzuki-gsxr-2017-origine.jpg?resize=768%2C440&amp;ssl=1 768w, https:\/\/i0.wp.com\/trt27.com\/wp-content\/uploads\/2017\/04\/suzuki-gsxr-2017-origine.jpg?resize=1200%2C687&amp;ssl=1 1200w, https:\/\/i0.wp.com\/trt27.com\/wp-content\/uploads\/2017\/04\/suzuki-gsxr-2017-origine.jpg?w=1500&amp;ssl=1 1500w\" sizes=\"(max-width: 709px) 85vw, (max-width: 909px) 67vw, (max-width: 1362px) 62vw, 840px\" data-recalc-dims=\"1\" \/><figcaption id=\"caption-attachment-88\" class=\"wp-caption-text\">Suzuki GSX-R 2017 Origine<\/figcaption><\/figure>\n","protected":false},"excerpt":{"rendered":"<p>Suzuki GSX-R 1000 Moteur Type&nbsp;: 4 cylindres en ligne, 4 temps \u00e0 refroidissement liquide Distribution&nbsp;: arbre \u00e0 came en t\u00eate, 4 soupapes par cylindre Cylindr\u00e9&nbsp;: 999,8 cm3 Al\u00e9sage x Course&nbsp;: 76 mm x 55,1 mm Puissance&nbsp;: 202 ch \u00e0 13 200 tr\/min Couple&nbsp;: 11,9 mkg 10 500 tr\/min R\u00e9gime maxi&nbsp;: 14 500 tr\/min Alimentation&nbsp;: 2 &hellip; <a href=\"https:\/\/trt27.com\/index.php\/nouvelle-1000-gsxr-origine\/\" class=\"more-link\">Continuer la lecture<span class=\"screen-reader-text\"> de &laquo;&nbsp;Moto&nbsp;&raquo;<\/span><\/a><\/p>\n","protected":false},"author":2,"featured_media":0,"parent":0,"menu_order":3,"comment_status":"closed","ping_status":"closed","template":"","meta":{"jetpack_post_was_ever_published":false},"jetpack_sharing_enabled":true,"jetpack_shortlink":"https:\/\/wp.me\/P8fPLR-13","jetpack-related-posts":[{"id":272,"url":"https:\/\/trt27.com\/index.php\/compte-rendu\/","url_meta":{"origin":65,"position":0},"title":"Compte rendu","author":"Eric Tan\u00e9sie","date":"25 novembre 2019","format":false,"excerpt":"Equipe Bol d'Or 2019 Retour sur cette semaine sur le circuit du Castellet. Content de retrouver nos pilotes Thibaud, Julien, Philippe et K\u00e9vin. Nous profiterons des essais pour am\u00e9liorer le ch\u00e2ssis avec l\u2019aide de FP engineering ainsi que l\u2019\u00e9lectronique avec Manu d\u2019Univers racing et Phil de BCR. Pour les qualifications\u2026","rel":"","context":"Article similaire","block_context":{"text":"Article similaire","link":""},"img":{"alt_text":"","src":"https:\/\/i0.wp.com\/trt27.com\/wp-content\/uploads\/2019\/11\/Team-bol.jpg?resize=350%2C200&ssl=1","width":350,"height":200,"srcset":"https:\/\/i0.wp.com\/trt27.com\/wp-content\/uploads\/2019\/11\/Team-bol.jpg?resize=350%2C200&ssl=1 1x, https:\/\/i0.wp.com\/trt27.com\/wp-content\/uploads\/2019\/11\/Team-bol.jpg?resize=525%2C300&ssl=1 1.5x, https:\/\/i0.wp.com\/trt27.com\/wp-content\/uploads\/2019\/11\/Team-bol.jpg?resize=700%2C400&ssl=1 2x, https:\/\/i0.wp.com\/trt27.com\/wp-content\/uploads\/2019\/11\/Team-bol.jpg?resize=1050%2C600&ssl=1 3x, https:\/\/i0.wp.com\/trt27.com\/wp-content\/uploads\/2019\/11\/Team-bol.jpg?resize=1400%2C800&ssl=1 4x"},"classes":[]},{"id":365,"url":"https:\/\/trt27.com\/index.php\/news-2\/","url_meta":{"origin":65,"position":1},"title":"News","author":"Eric Tan\u00e9sie","date":"5 f\u00e9vrier 2021","format":false,"excerpt":"Bonjour, voici le programme 2021, du TRT27 Bazar 2 la b\u00e9cane : participation \u00e0 la Coupe du Monde FIM d'Endurance en totalit\u00e9. Avec des roulages au mois de mars et les Essais pr\u00e9-Mans les 30\/31 mars, les 24 Heures du Mans les 17\/18 avril 2021; les 8 Heures Oschersleben (Allemagne)\u2026","rel":"","context":"Article similaire","block_context":{"text":"Article similaire","link":""},"img":{"alt_text":"","src":"https:\/\/i0.wp.com\/trt27.com\/wp-content\/uploads\/2021\/02\/2021-Calend-TRT27-scaled.jpg?resize=350%2C200&ssl=1","width":350,"height":200,"srcset":"https:\/\/i0.wp.com\/trt27.com\/wp-content\/uploads\/2021\/02\/2021-Calend-TRT27-scaled.jpg?resize=350%2C200&ssl=1 1x, https:\/\/i0.wp.com\/trt27.com\/wp-content\/uploads\/2021\/02\/2021-Calend-TRT27-scaled.jpg?resize=525%2C300&ssl=1 1.5x, https:\/\/i0.wp.com\/trt27.com\/wp-content\/uploads\/2021\/02\/2021-Calend-TRT27-scaled.jpg?resize=700%2C400&ssl=1 2x, https:\/\/i0.wp.com\/trt27.com\/wp-content\/uploads\/2021\/02\/2021-Calend-TRT27-scaled.jpg?resize=1050%2C600&ssl=1 3x, https:\/\/i0.wp.com\/trt27.com\/wp-content\/uploads\/2021\/02\/2021-Calend-TRT27-scaled.jpg?resize=1400%2C800&ssl=1 4x"},"classes":[]},{"id":356,"url":"https:\/\/trt27.com\/index.php\/news\/","url_meta":{"origin":65,"position":2},"title":"News","author":"Eric Tan\u00e9sie","date":"5 f\u00e9vrier 2021","format":false,"excerpt":"News Saison 2021 Bonjour, voici le programme 2021, du TRT27 Bazar 2 la b\u00e9cane : participation \u00e0 la Coupe du Monde FIM d'Endurance en totalit\u00e9. Avec des roulages au mois de mars et les Essais pr\u00e9-Mans les 30\/31 mars, les 24 Heures du Mans les 17\/18 avril 2021; les 8\u2026","rel":"","context":"Article similaire","block_context":{"text":"Article similaire","link":""},"img":{"alt_text":"","src":"https:\/\/i0.wp.com\/trt27.com\/wp-content\/uploads\/2021\/02\/2021-Calend-TRT27-scaled.jpg?resize=350%2C200&ssl=1","width":350,"height":200,"srcset":"https:\/\/i0.wp.com\/trt27.com\/wp-content\/uploads\/2021\/02\/2021-Calend-TRT27-scaled.jpg?resize=350%2C200&ssl=1 1x, https:\/\/i0.wp.com\/trt27.com\/wp-content\/uploads\/2021\/02\/2021-Calend-TRT27-scaled.jpg?resize=525%2C300&ssl=1 1.5x, https:\/\/i0.wp.com\/trt27.com\/wp-content\/uploads\/2021\/02\/2021-Calend-TRT27-scaled.jpg?resize=700%2C400&ssl=1 2x, https:\/\/i0.wp.com\/trt27.com\/wp-content\/uploads\/2021\/02\/2021-Calend-TRT27-scaled.jpg?resize=1050%2C600&ssl=1 3x, https:\/\/i0.wp.com\/trt27.com\/wp-content\/uploads\/2021\/02\/2021-Calend-TRT27-scaled.jpg?resize=1400%2C800&ssl=1 4x"},"classes":[]}],"_links":{"self":[{"href":"https:\/\/trt27.com\/index.php\/wp-json\/wp\/v2\/pages\/65"}],"collection":[{"href":"https:\/\/trt27.com\/index.php\/wp-json\/wp\/v2\/pages"}],"about":[{"href":"https:\/\/trt27.com\/index.php\/wp-json\/wp\/v2\/types\/page"}],"author":[{"embeddable":true,"href":"https:\/\/trt27.com\/index.php\/wp-json\/wp\/v2\/users\/2"}],"replies":[{"embeddable":true,"href":"https:\/\/trt27.com\/index.php\/wp-json\/wp\/v2\/comments?post=65"}],"version-history":[{"count":3,"href":"https:\/\/trt27.com\/index.php\/wp-json\/wp\/v2\/pages\/65\/revisions"}],"predecessor-version":[{"id":481,"href":"https:\/\/trt27.com\/index.php\/wp-json\/wp\/v2\/pages\/65\/revisions\/481"}],"wp:attachment":[{"href":"https:\/\/trt27.com\/index.php\/wp-json\/wp\/v2\/media?parent=65"}],"curies":[{"name":"wp","href":"https:\/\/api.w.org\/{rel}","templated":true}]}}